{"id":1220,"date":"2022-07-18T20:40:51","date_gmt":"2022-07-18T23:40:51","guid":{"rendered":"http:\/\/clinicas.dentalwork.com.br\/?page_id=1220"},"modified":"2023-10-30T21:09:54","modified_gmt":"2023-10-31T00:09:54","slug":"home","status":"publish","type":"page","link":"https:\/\/clinicas.dentalwork.com.br\/","title":{"rendered":"Home"},"content":{"rendered":"<div class=\"gap-element clearfix\" style=\"display:block; height:auto; padding-top:30px\"><\/div>\n  <div class=\"banner-grid-wrapper\">\n  <div id=\"banner-grid-847930641\" class=\"banner-grid row row-grid row-small\" data-packery-options=\"\">\n                      \n<div class=\"col grid-col small-12 large-9 grid-col-1\" ><div class=\"col-inner box-shadow-1\">\n<div class=\"slider-wrapper relative\" id=\"slider-811258586\" >\n    <div class=\"slider slider-nav-circle slider-nav-large slider-nav-light slider-style-normal\"\n        data-flickity-options='{\n            \"cellAlign\": \"center\",\n            \"imagesLoaded\": true,\n            \"lazyLoad\": 1,\n            \"freeScroll\": false,\n            \"wrapAround\": true,\n            \"autoPlay\": 6000,\n            \"pauseAutoPlayOnHover\" : true,\n            \"prevNextButtons\": true,\n            \"contain\" : true,\n            \"adaptiveHeight\" : true,\n            \"dragThreshold\" : 10,\n            \"percentPosition\": true,\n            \"pageDots\": true,\n            \"rightToLeft\": false,\n            \"draggable\": true,\n            \"selectedAttraction\": 0.1,\n            \"parallax\" : 0,\n            \"friction\": 0.6        }'\n        >\n        \n\n  <div class=\"banner has-hover bg-zoom-fade\" id=\"banner-719281669\">\n          <div class=\"banner-inner fill\">\n        <div class=\"banner-bg fill\" >\n            <div class=\"bg fill bg-fill \"><\/div>\n                                    \n                    <\/div><!-- bg-layers -->\n        <div class=\"banner-layers container\">\n            <a class=\"fill\" href=\"https:\/\/clinicas.dentalwork.com.br\/categoria-produto\/packs-cash-back\/\"><div class=\"fill banner-link\"><\/div><\/a>            \n   <div id=\"text-box-356400810\" class=\"text-box banner-layer x0 md-x0 lg-x0 y95 md-y95 lg-y95 res-text\">\n                                <div class=\"text \">\n              \n              <div class=\"text-inner text-left\">\n                  \n<div class=\"is-divider divider clearfix\" ><\/div><!-- .divider -->\n              <\/div>\n           <\/div><!-- text-box-inner -->\n                            \n<style scope=\"scope\">\n\n#text-box-356400810 {\n  width: 46%;\n}\n#text-box-356400810 .text {\n  font-size: 99%;\n}\n<\/style>\n    <\/div><!-- text-box -->\n \n        <\/div><!-- .banner-layers -->\n      <\/div><!-- .banner-inner -->\n\n            \n<style scope=\"scope\">\n\n#banner-719281669 {\n  padding-top: 500px;\n}\n#banner-719281669 .bg.bg-loaded {\n  background-image: url(https:\/\/clinicas.dentalwork.com.br\/wp-content\/uploads\/2022\/07\/post_faca_contas-1024x1024.jpg);\n}\n#banner-719281669 .bg {\n  background-position: 65% 16%;\n}\n<\/style>\n  <\/div><!-- .banner -->\n\n\n     <\/div>\n\n     <div class=\"loading-spin dark large centered\"><\/div>\n\n     <style scope=\"scope\">\n             <\/style>\n<\/div><!-- .ux-slider-wrapper -->\n\n\n<\/div><\/div>\n<div class=\"col grid-col small-12 large-3 grid-col-1-2\" ><div class=\"col-inner box-shadow-1\">\n\n  <div class=\"banner has-hover bg-zoom-fade\" id=\"banner-1625885570\">\n          <div class=\"banner-inner fill\">\n        <div class=\"banner-bg fill\" >\n            <div class=\"bg fill bg-fill \"><\/div>\n                                    \n                    <\/div><!-- bg-layers -->\n        <div class=\"banner-layers container\">\n            <a class=\"fill\" href=\"https:\/\/clinicas.dentalwork.com.br\/categoria-produto\/compra-compartilhada\/\"><div class=\"fill banner-link\"><\/div><\/a>            \n   <div id=\"text-box-616324124\" class=\"text-box banner-layer x5 md-x5 lg-x5 y15 md-y15 lg-y15 res-text\">\n                                <div class=\"text dark\">\n              \n              <div class=\"text-inner text-center\">\n                  \n<div class=\"is-divider divider clearfix\" ><\/div><!-- .divider -->\n              <\/div>\n           <\/div><!-- text-box-inner -->\n                            \n<style scope=\"scope\">\n\n#text-box-616324124 {\n  width: 60%;\n}\n#text-box-616324124 .text {\n  font-size: 100%;\n}\n\n\n@media (min-width:550px) {\n\n  #text-box-616324124 {\n    width: 67%;\n  }\n\n}\n<\/style>\n    <\/div><!-- text-box -->\n \n        <\/div><!-- .banner-layers -->\n      <\/div><!-- .banner-inner -->\n\n            \n<style scope=\"scope\">\n\n#banner-1625885570 {\n  padding-top: 500px;\n}\n#banner-1625885570 .bg.bg-loaded {\n  background-image: url(https:\/\/clinicas.dentalwork.com.br\/wp-content\/uploads\/2022\/11\/capa-ccomp2-300x298.png);\n}\n<\/style>\n  <\/div><!-- .banner -->\n\n\n<\/div><\/div>\n<div class=\"col grid-col small-13 large-3 grid-col-1-2\" ><div class=\"col-inner box-shadow-1\">\n\n  <div class=\"banner has-hover bg-zoom-fade\" id=\"banner-2015697949\">\n          <div class=\"banner-inner fill\">\n        <div class=\"banner-bg fill\" >\n            <div class=\"bg fill bg-fill \"><\/div>\n                                    \n                    <\/div><!-- bg-layers -->\n        <div class=\"banner-layers container\">\n            <a class=\"fill\" href=\"https:\/\/clinicas.dentalwork.com.br\/sorrinvest\/\"><div class=\"fill banner-link\"><\/div><\/a>            \n   <div id=\"text-box-1551766361\" class=\"text-box banner-layer x0 md-x0 lg-x0 y100 md-y100 lg-y100 res-text\">\n                                <div class=\"text dark\">\n              \n              <div class=\"text-inner text-center\">\n                  \n<h1><em><span style=\"color: #333333;\"><b>SORRINVEST<\/b><\/span><\/em><\/h1>\n<div class=\"is-divider divider clearfix\" ><\/div><!-- .divider -->\n              <\/div>\n           <\/div><!-- text-box-inner -->\n                            \n<style scope=\"scope\">\n\n#text-box-1551766361 {\n  width: 60%;\n}\n#text-box-1551766361 .text {\n  font-size: 100%;\n}\n\n\n@media (min-width:550px) {\n\n  #text-box-1551766361 {\n    width: 68%;\n  }\n\n}\n<\/style>\n    <\/div><!-- text-box -->\n \n        <\/div><!-- .banner-layers -->\n      <\/div><!-- .banner-inner -->\n\n            \n<style scope=\"scope\">\n\n#banner-2015697949 {\n  padding-top: 500px;\n}\n#banner-2015697949 .bg.bg-loaded {\n  background-image: url(https:\/\/clinicas.dentalwork.com.br\/wp-content\/uploads\/2021\/02\/cota_pool-150x150.png);\n}\n<\/style>\n  <\/div><!-- .banner -->\n\n\n<\/div><\/div>\n            <\/div><!-- .banner-grid .row .grid -->\n    <style scope=\"scope\">\n    #banner-grid-847930641 .grid-col-1{height: 575px}\n    #banner-grid-847930641 .grid-col-1-2{height: 287.5px}\n    #banner-grid-847930641 .grid-col-1-3{height:191.66666666667px}\n    #banner-grid-847930641 .grid-col-2-3{height: 383.33333333333px}\n    #banner-grid-847930641 .grid-col-1-4{height: 143.75px}\n    #banner-grid-847930641 .grid-col-3-4{height: 431.25px}\n\n\n    \n    \n\n  <\/style>\n    <\/div><!-- .banner-grid-wrapper -->\n  \n\n  \n    <div class=\"row large-columns-4 medium-columns- small-columns-2 row-small slider row-slider slider-nav-reveal slider-nav-push\"  data-flickity-options='{\"imagesLoaded\": true, \"groupCells\": \"100%\", \"dragThreshold\" : 5, \"cellAlign\": \"left\",\"wrapAround\": true,\"prevNextButtons\": true,\"percentPosition\": true,\"pageDots\": false, \"rightToLeft\": false, \"autoPlay\" : false}'>\n\n  \t<\/div>\n<div class=\"container section-title-container\" ><h3 class=\"section-title section-title-bold-center\"><b><\/b><span class=\"section-title-main\" >compre on line<\/span><b><\/b><\/h3><\/div><!-- .section-title -->\n\n  \n    <div class=\"row large-columns-4 medium-columns- small-columns-2 row-small slider row-slider slider-nav-reveal\"  data-flickity-options='{\"imagesLoaded\": true, \"groupCells\": \"100%\", \"dragThreshold\" : 5, \"cellAlign\": \"left\",\"wrapAround\": true,\"prevNextButtons\": true,\"percentPosition\": true,\"pageDots\": false, \"rightToLeft\": false, \"autoPlay\" : false}'>\n\n  <\/div>\n<div class=\"gap-element clearfix\" style=\"display:block; height:auto; padding-top:36px\"><\/div>\n\t<section class=\"section\" id=\"section_1446151773\">\n\t\t<div class=\"bg section-bg fill bg-fill  bg-loaded\" >\n\n\t\t\t\n\t\t\t\n\t\t\t\n\n\t\t<\/div><!-- .section-bg -->\n\n\t\t<div class=\"section-content relative\">\n\t\t\t\n<div class=\"row\"  id=\"row-1364789188\">\n<div class=\"col medium-6 small-12 large-6\"  ><div class=\"col-inner\"  >\n<h3 class=\"uppercase\" style=\"text-align: center;\"><span style=\"color: #faf7f7;\"><span style=\"font-size: 24.192px;\"><b>DNA DA INCLUS\u00c3O DIGITAL<\/b><\/span><\/span><\/h3>\n<p class=\"lead\" style=\"text-align: center;\"><span style=\"color: #f7f2f2;\">Cash Back na compra de Packs <\/span><br \/>\n<span style=\"color: #f7f2f2;\">de Fluxo Digital DWork. Entre no mundo da Odontologia Digital sem alterar sua rotina de trabalho nem investir em equipamentos caros.<\/span><\/p>\n<div class=\"row\"  id=\"row-196506811\">\n<div class=\"col medium-4 small-12 large-4\"  ><div class=\"col-inner\"  >\n<\/div><\/div>\n<div class=\"col medium-6 small-12 large-6\"  ><div class=\"col-inner\"  >\n<a href=\"https:\/\/clinicas.dentalwork.com.br\/categoria-produto\/packs-cash-back\/\" target=\"_self\" class=\"button primary\"  >\n    <span>compre online<\/span>\n  <\/a>\n\n<\/div><\/div>\n<div class=\"col medium-2 small-12 large-2\"  ><div class=\"col-inner\"  >\n<\/div><\/div>\n<\/div>\n<\/div><\/div>\n<div class=\"col medium-6 small-12 large-6\"  ><div class=\"col-inner\"  >\n<p style=\"text-align: center;\"><span style=\"font-size: 110%; color: #faf7f7;\">N\u00e3o perca essa oportunidade. Pack de 30 ou 50 elementos (Fluxo Digital DWork) com at\u00e9 20% de cashback! \u00c9 isso mesmo! Compre 30 elementos e receba cr\u00e9ditos para 33 elementos, compre 50 elementos e receba cr\u00e9ditos para 60 elementos, al\u00e9m de produtos com alta qualidade e agilidade na produ\u00e7\u00e3o.<br \/>\nO que a Dental Work est\u00e1 propondo \u00e9 uma nova forma de se pensar a Pr\u00f3tese no contexto da Odontologia Digital.<br \/>\n\u00c9 inclus\u00e3o digital. \u00c9 inova\u00e7\u00e3o!<\/span><\/p>\n<\/div><\/div>\n<\/div>\n\t\t<\/div><!-- .section-content -->\n\n\t\t\n<style scope=\"scope\">\n\n#section_1446151773 {\n  padding-top: 30px;\n  padding-bottom: 30px;\n  background-color: rgb(13, 160, 149);\n}\n<\/style>\n\t<\/section>\n\t\n","protected":false},"excerpt":{"rendered":"","protected":false},"author":21,"featured_media":0,"parent":0,"menu_order":0,"comment_status":"closed","ping_status":"closed","template":"page-blank.php","meta":{"footnotes":""},"class_list":["post-1220","page","type-page","status-publish","hentry"],"_links":{"self":[{"href":"https:\/\/clinicas.dentalwork.com.br\/index.php?rest_route=\/wp\/v2\/pages\/1220","targetHints":{"allow":["GET"]}}],"collection":[{"href":"https:\/\/clinicas.dentalwork.com.br\/index.php?rest_route=\/wp\/v2\/pages"}],"about":[{"href":"https:\/\/clinicas.dentalwork.com.br\/index.php?rest_route=\/wp\/v2\/types\/page"}],"author":[{"embeddable":true,"href":"https:\/\/clinicas.dentalwork.com.br\/index.php?rest_route=\/wp\/v2\/users\/21"}],"replies":[{"embeddable":true,"href":"https:\/\/clinicas.dentalwork.com.br\/index.php?rest_route=%2Fwp%2Fv2%2Fcomments&post=1220"}],"version-history":[{"count":55,"href":"https:\/\/clinicas.dentalwork.com.br\/index.php?rest_route=\/wp\/v2\/pages\/1220\/revisions"}],"predecessor-version":[{"id":1544,"href":"https:\/\/clinicas.dentalwork.com.br\/index.php?rest_route=\/wp\/v2\/pages\/1220\/revisions\/1544"}],"wp:attachment":[{"href":"https:\/\/clinicas.dentalwork.com.br\/index.php?rest_route=%2Fwp%2Fv2%2Fmedia&parent=1220"}],"curies":[{"name":"wp","href":"https:\/\/api.w.org\/{rel}","templated":true}]}}