{"id":210,"date":"2020-12-28T15:01:27","date_gmt":"2020-12-28T18:01:27","guid":{"rendered":"http:\/\/clinicas.dentalwork.com.br\/?page_id=210"},"modified":"2022-08-06T18:01:11","modified_gmt":"2022-08-06T21:01:11","slug":"quem-somos","status":"publish","type":"page","link":"https:\/\/clinicas.dentalwork.com.br\/?page_id=210","title":{"rendered":"Quem Somos"},"content":{"rendered":"\t<div class=\"img has-hover x md-x lg-x y md-y lg-y\" id=\"image_667466811\">\n\t\t\t\t\t\t\t\t<div class=\"img-inner dark\" >\n\t\t\t<img loading=\"lazy\" decoding=\"async\" width=\"1576\" height=\"9\" src=\"https:\/\/clinicas.dentalwork.com.br\/wp-content\/uploads\/2020\/12\/dive.png\" class=\"attachment-original size-original\" alt=\"\" srcset=\"https:\/\/clinicas.dentalwork.com.br\/wp-content\/uploads\/2020\/12\/dive.png 1576w, https:\/\/clinicas.dentalwork.com.br\/wp-content\/uploads\/2020\/12\/dive-510x3.png 510w, https:\/\/clinicas.dentalwork.com.br\/wp-content\/uploads\/2020\/12\/dive-300x2.png 300w, https:\/\/clinicas.dentalwork.com.br\/wp-content\/uploads\/2020\/12\/dive-1024x6.png 1024w, https:\/\/clinicas.dentalwork.com.br\/wp-content\/uploads\/2020\/12\/dive-768x4.png 768w, https:\/\/clinicas.dentalwork.com.br\/wp-content\/uploads\/2020\/12\/dive-1536x9.png 1536w\" sizes=\"auto, (max-width: 1576px) 100vw, 1576px\" \/>\t\t\t\t\t\t\n\t\t\t\t\t<\/div>\n\t\t\t\t\t\t\t\t\n<style scope=\"scope\">\n\n#image_667466811 {\n  width: 100%;\n}\n<\/style>\n\t<\/div>\n\t\n\t<section class=\"section\" id=\"section_48996791\">\n\t\t<div class=\"bg section-bg fill bg-fill  bg-loaded\" >\n\n\t\t\t\n\t\t\t\n\t\t\t\n\n\t\t<\/div><!-- .section-bg -->\n\n\t\t<div class=\"section-content relative\">\n\t\t\t\n<div class=\"row align-right\"  id=\"row-961770887\">\n\n<style scope=\"scope\">\n\n<\/style>\n<\/div>\n<div class=\"row align-center\"  id=\"row-346589745\">\n<div class=\"col medium-8 small-12 large-8\"  ><div class=\"col-inner text-center\"  >\n<p>\u00a0<\/p>\n<p class=\"xmsonormal\"><span style=\"color: #000000;\">Quando desenvolvemos a\u00a0 Dental Work, pensamos na produ\u00e7\u00e3o de pr\u00f3teses por hora e n\u00e3o por elementos dessa forma criamos o Fluxo Digital DWork, o\u00a0 sistema de Coworking para Pr\u00f3tese Digital e o Sorrinvest sistema de investimento usando a Pr\u00f3tese como moeda. Com esta mudan\u00e7a de paradigma, foi poss\u00edvel construir este ecossistema digital disruptivo, que nos permite, de forma mais eficiente, oferecer produtos com alta qualidade, no menor prazo de execu\u00e7\u00e3o e no menor pre\u00e7o do mercado.<\/span><\/p>\n<p class=\"xmsonormal\"><span style=\"color: #000000;\">Criamos o conceito de lojas eletr\u00f4nicas exclusivas, Private Label, para diferentes p\u00fablicos de Cirurgi\u00f5es Dentistas: Pessoa F\u00edsica, Pessoa Jur\u00eddica, Empresa ou Associa\u00e7\u00e3o.<\/span><\/p>\n<p><span style=\"color: #000000;\">Hoje temos duas lojas eletr\u00f4nicas integradas nesse sistema: A loja <strong>&#8220;CL\u00cdNICAS&#8221;<\/strong> &#8211; para atender Dentistas e Cl\u00edinicas em geral e a loja <strong>&#8220;CREDENCIADOS&#8221;<\/strong> exclusiva para Profissionais que atendem conv\u00eanios. Inicialmente na cidade de S\u00e3o Paulo e regi\u00e3o Metropolitana e Campinas e regi\u00e3o. Previs\u00e3o de abertura na cidade do Rio de Janeiro e Belo Horizonte no segundo semestre de 2022.<\/span><\/p>\n<p class=\"xmsonormal\"><span style=\"color: #000000;\">Oferecemos pr\u00f3teses CAD CAM Metal Free \u2013 Cer\u00e2mica h\u00edbrida &#8220;Varseo Smile Crown&#8221; da Bego (impress\u00e3o 3D de restaura\u00e7\u00f5es definitivas), Zirc\u00f4nia e Dissilicato de L\u00edtio \u2013\u00a0 a Dental Work conta com um leque de op\u00e7\u00f5es, como a toda a linha de impress\u00e3o 3D (modelos, enceramentos diagn\u00f3sticos digitais) com valores 30% abaixo da m\u00e9dia do mercado.<\/span><\/p>\n<p class=\"xmsonormal\">\u00a0<\/p>\n<\/div><\/div>\n\n<style scope=\"scope\">\n\n<\/style>\n<\/div>\n\t<div class=\"img has-hover x md-x lg-x y md-y lg-y\" id=\"image_1806218095\">\n\t\t\t\t\t\t\t\t<div class=\"img-inner dark\" >\n\t\t\t<img loading=\"lazy\" decoding=\"async\" width=\"1576\" height=\"9\" src=\"https:\/\/clinicas.dentalwork.com.br\/wp-content\/uploads\/2020\/12\/dive.png\" class=\"attachment-original size-original\" alt=\"\" srcset=\"https:\/\/clinicas.dentalwork.com.br\/wp-content\/uploads\/2020\/12\/dive.png 1576w, https:\/\/clinicas.dentalwork.com.br\/wp-content\/uploads\/2020\/12\/dive-510x3.png 510w, https:\/\/clinicas.dentalwork.com.br\/wp-content\/uploads\/2020\/12\/dive-300x2.png 300w, https:\/\/clinicas.dentalwork.com.br\/wp-content\/uploads\/2020\/12\/dive-1024x6.png 1024w, https:\/\/clinicas.dentalwork.com.br\/wp-content\/uploads\/2020\/12\/dive-768x4.png 768w, https:\/\/clinicas.dentalwork.com.br\/wp-content\/uploads\/2020\/12\/dive-1536x9.png 1536w\" sizes=\"auto, (max-width: 1576px) 100vw, 1576px\" \/>\t\t\t\t\t\t\n\t\t\t\t\t<\/div>\n\t\t\t\t\t\t\t\t\n<style scope=\"scope\">\n\n#image_1806218095 {\n  width: 100%;\n}\n<\/style>\n\t<\/div>\n\t\n\t\t<\/div><!-- .section-content -->\n\n\t\t\n<style scope=\"scope\">\n\n#section_48996791 {\n  padding-top: 0px;\n  padding-bottom: 0px;\n}\n<\/style>\n\t<\/section>\n\t\n\t<section class=\"section\" id=\"section_1005993303\">\n\t\t<div class=\"bg section-bg fill bg-fill  bg-loaded\" >\n\n\t\t\t\n\t\t\t\n\t\t\t\n\n\t\t<\/div><!-- .section-bg -->\n\n\t\t<div class=\"section-content relative\">\n\t\t\t\n\t\t<\/div><!-- .section-content -->\n\n\t\t\n<style scope=\"scope\">\n\n#section_1005993303 {\n  padding-top: 30px;\n  padding-bottom: 30px;\n}\n<\/style>\n\t<\/section>\n\t\n","protected":false},"excerpt":{"rendered":"","protected":false},"author":1,"featured_media":0,"parent":0,"menu_order":0,"comment_status":"closed","ping_status":"closed","template":"page-blank.php","meta":{"footnotes":""},"class_list":["post-210","page","type-page","status-publish","hentry"],"_links":{"self":[{"href":"https:\/\/clinicas.dentalwork.com.br\/index.php?rest_route=\/wp\/v2\/pages\/210","targetHints":{"allow":["GET"]}}],"collection":[{"href":"https:\/\/clinicas.dentalwork.com.br\/index.php?rest_route=\/wp\/v2\/pages"}],"about":[{"href":"https:\/\/clinicas.dentalwork.com.br\/index.php?rest_route=\/wp\/v2\/types\/page"}],"author":[{"embeddable":true,"href":"https:\/\/clinicas.dentalwork.com.br\/index.php?rest_route=\/wp\/v2\/users\/1"}],"replies":[{"embeddable":true,"href":"https:\/\/clinicas.dentalwork.com.br\/index.php?rest_route=%2Fwp%2Fv2%2Fcomments&post=210"}],"version-history":[{"count":15,"href":"https:\/\/clinicas.dentalwork.com.br\/index.php?rest_route=\/wp\/v2\/pages\/210\/revisions"}],"predecessor-version":[{"id":1300,"href":"https:\/\/clinicas.dentalwork.com.br\/index.php?rest_route=\/wp\/v2\/pages\/210\/revisions\/1300"}],"wp:attachment":[{"href":"https:\/\/clinicas.dentalwork.com.br\/index.php?rest_route=%2Fwp%2Fv2%2Fmedia&parent=210"}],"curies":[{"name":"wp","href":"https:\/\/api.w.org\/{rel}","templated":true}]}}