{"id":866,"date":"2021-07-24T20:09:48","date_gmt":"2021-07-24T23:09:48","guid":{"rendered":"http:\/\/clinicas.dentalwork.com.br\/?post_type=product&#038;p=866"},"modified":"2024-04-09T20:32:24","modified_gmt":"2024-04-09T23:32:24","slug":"restauracoes-dissilicato-de-litio","status":"publish","type":"product","link":"https:\/\/clinicas.dentalwork.com.br\/?product=restauracoes-dissilicato-de-litio","title":{"rendered":"Restaura\u00e7\u00f5es em Dissilicato de L\u00edtio"},"content":{"rendered":"","protected":false},"excerpt":{"rendered":"","protected":false},"featured_media":332,"comment_status":"open","ping_status":"closed","template":"","meta":[],"product_brand":[],"product_cat":[63],"product_tag":[],"class_list":{"0":"post-866","1":"product","2":"type-product","3":"status-publish","4":"has-post-thumbnail","6":"product_cat-pedido-eletronico","8":"first","9":"instock","10":"shipping-taxable","11":"purchasable","12":"product-type-simple"},"_links":{"self":[{"href":"https:\/\/clinicas.dentalwork.com.br\/index.php?rest_route=\/wp\/v2\/product\/866","targetHints":{"allow":["GET"]}}],"collection":[{"href":"https:\/\/clinicas.dentalwork.com.br\/index.php?rest_route=\/wp\/v2\/product"}],"about":[{"href":"https:\/\/clinicas.dentalwork.com.br\/index.php?rest_route=\/wp\/v2\/types\/product"}],"replies":[{"embeddable":true,"href":"https:\/\/clinicas.dentalwork.com.br\/index.php?rest_route=%2Fwp%2Fv2%2Fcomments&post=866"}],"wp:featuredmedia":[{"embeddable":true,"href":"https:\/\/clinicas.dentalwork.com.br\/index.php?rest_route=\/wp\/v2\/media\/332"}],"wp:attachment":[{"href":"https:\/\/clinicas.dentalwork.com.br\/index.php?rest_route=%2Fwp%2Fv2%2Fmedia&parent=866"}],"wp:term":[{"taxonomy":"product_brand","embeddable":true,"href":"https:\/\/clinicas.dentalwork.com.br\/index.php?rest_route=%2Fwp%2Fv2%2Fproduct_brand&post=866"},{"taxonomy":"product_cat","embeddable":true,"href":"https:\/\/clinicas.dentalwork.com.br\/index.php?rest_route=%2Fwp%2Fv2%2Fproduct_cat&post=866"},{"taxonomy":"product_tag","embeddable":true,"href":"https:\/\/clinicas.dentalwork.com.br\/index.php?rest_route=%2Fwp%2Fv2%2Fproduct_tag&post=866"}],"curies":[{"name":"wp","href":"https:\/\/api.w.org\/{rel}","templated":true}]}}