{"id":867,"date":"2021-07-24T20:13:35","date_gmt":"2021-07-24T23:13:35","guid":{"rendered":"http:\/\/clinicas.dentalwork.com.br\/?post_type=product&#038;p=867"},"modified":"2023-10-30T13:18:24","modified_gmt":"2023-10-30T16:18:24","slug":"material-zirconia","status":"publish","type":"product","link":"https:\/\/clinicas.dentalwork.com.br\/?product=material-zirconia","title":{"rendered":"Restaura\u00e7\u00f5es em Zirc\u00f4nia"},"content":{"rendered":"","protected":false},"excerpt":{"rendered":"<p>Copings tem um cupom de 60% de desconto<br \/>\nValor do Coping = R$ 129,60<\/p>\n","protected":false},"featured_media":334,"comment_status":"open","ping_status":"closed","template":"","meta":[],"product_brand":[],"product_cat":[63],"product_tag":[],"class_list":{"0":"post-867","1":"product","2":"type-product","3":"status-publish","4":"has-post-thumbnail","6":"product_cat-pedido-eletronico","8":"first","9":"instock","10":"shipping-taxable","11":"purchasable","12":"product-type-variable"},"_links":{"self":[{"href":"https:\/\/clinicas.dentalwork.com.br\/index.php?rest_route=\/wp\/v2\/product\/867","targetHints":{"allow":["GET"]}}],"collection":[{"href":"https:\/\/clinicas.dentalwork.com.br\/index.php?rest_route=\/wp\/v2\/product"}],"about":[{"href":"https:\/\/clinicas.dentalwork.com.br\/index.php?rest_route=\/wp\/v2\/types\/product"}],"replies":[{"embeddable":true,"href":"https:\/\/clinicas.dentalwork.com.br\/index.php?rest_route=%2Fwp%2Fv2%2Fcomments&post=867"}],"wp:featuredmedia":[{"embeddable":true,"href":"https:\/\/clinicas.dentalwork.com.br\/index.php?rest_route=\/wp\/v2\/media\/334"}],"wp:attachment":[{"href":"https:\/\/clinicas.dentalwork.com.br\/index.php?rest_route=%2Fwp%2Fv2%2Fmedia&parent=867"}],"wp:term":[{"taxonomy":"product_brand","embeddable":true,"href":"https:\/\/clinicas.dentalwork.com.br\/index.php?rest_route=%2Fwp%2Fv2%2Fproduct_brand&post=867"},{"taxonomy":"product_cat","embeddable":true,"href":"https:\/\/clinicas.dentalwork.com.br\/index.php?rest_route=%2Fwp%2Fv2%2Fproduct_cat&post=867"},{"taxonomy":"product_tag","embeddable":true,"href":"https:\/\/clinicas.dentalwork.com.br\/index.php?rest_route=%2Fwp%2Fv2%2Fproduct_tag&post=867"}],"curies":[{"name":"wp","href":"https:\/\/api.w.org\/{rel}","templated":true}]}}